{"id":779,"date":"2024-01-17T16:56:17","date_gmt":"2024-01-17T19:56:17","guid":{"rendered":"https:\/\/www.compredomundo.com.br\/loja2\/?post_type=product&#038;p=779"},"modified":"2024-02-17T22:56:40","modified_gmt":"2024-02-18T01:56:40","slug":"cindy-original-cast-album-1964","status":"publish","type":"product","link":"https:\/\/www.compredomundo.com.br\/loja2\/produto\/cindy-original-cast-album-1964\/","title":{"rendered":"Cindy &#8211; Original Cast Album (1964)"},"content":{"rendered":"<p><strong>Lado A<\/strong><\/p>\n<p>1 &#8211; Once Upon A Time &#8211; 3:01<br \/>\n2 &#8211; Let&#8217;s Pretend &#8211; 3:18<br \/>\n3 &#8211; Is There Something To What He Said? &#8211; 3:21<br \/>\n4 &#8211; Papa, Let&#8217;s Do It Again &#8211; 2:45<br \/>\n5 &#8211; A Genuine Feminine Girl &#8211; 3:01<br \/>\n6 &#8211; Cindy &#8211; 2:22<br \/>\n7 &#8211; Think Mink &#8211; 1:51<br \/>\n8 &#8211; Tonight&#8217;s The Night &#8211; 2:29<\/p>\n<p>&nbsp;<\/p>\n<p><strong>Lado B<\/strong><\/p>\n<p>1 &#8211; Who Am I? &#8211; 2:21<br \/>\n2 &#8211; If You&#8217;ve Got It, You&#8217;ve Got It &#8211; 3:02<br \/>\n3 &#8211; The Life That I Have Planned For Him &#8211; 2:57<br \/>\n4 &#8211; If It&#8217;s Love &#8211; 2:59<br \/>\n5 &#8211; Got The World In The Palm Of My Hand &#8211; 2:25<br \/>\n6 &#8211; Call Me Lucky &#8211; 3:15<br \/>\n7 &#8211; Laugh It Up &#8211; 3:02<br \/>\n8 &#8211; What A Wedding &#8211; 2:11<\/p>\n<p>&nbsp;<\/p>\n","protected":false},"excerpt":{"rendered":"<p>Cindy &#8211; Original Cast Album<br \/>\nABC-OC-2<br \/>\nImportado dos USA<br \/>\nGravado pela MGM em 1964<\/p>\n<p>LP em estado Bom, sem riscos<br \/>\nPara um Disco de 1967 a Capa est\u00e1 em condi\u00e7\u00e3o Boa<\/p>\n","protected":false},"featured_media":1267,"comment_status":"open","ping_status":"closed","template":"","meta":{"jetpack_publicize_message":"","jetpack_publicize_feature_enabled":true,"jetpack_social_post_already_shared":false,"jetpack_social_options":{"image_generator_settings":{"template":"highway","enabled":false}}},"product_cat":[21,22],"product_tag":[353,303,352,239,27,288,28],"jetpack_publicize_connections":[],"jetpack_sharing_enabled":true,"jetpack_likes_enabled":true,"_links":{"self":[{"href":"https:\/\/www.compredomundo.com.br\/loja2\/wp-json\/wp\/v2\/product\/779"}],"collection":[{"href":"https:\/\/www.compredomundo.com.br\/loja2\/wp-json\/wp\/v2\/product"}],"about":[{"href":"https:\/\/www.compredomundo.com.br\/loja2\/wp-json\/wp\/v2\/types\/product"}],"replies":[{"embeddable":true,"href":"https:\/\/www.compredomundo.com.br\/loja2\/wp-json\/wp\/v2\/comments?post=779"}],"version-history":[{"count":0,"href":"https:\/\/www.compredomundo.com.br\/loja2\/wp-json\/wp\/v2\/product\/779\/revisions"}],"wp:featuredmedia":[{"embeddable":true,"href":"https:\/\/www.compredomundo.com.br\/loja2\/wp-json\/wp\/v2\/media\/1267"}],"wp:attachment":[{"href":"https:\/\/www.compredomundo.com.br\/loja2\/wp-json\/wp\/v2\/media?parent=779"}],"wp:term":[{"taxonomy":"product_cat","embeddable":true,"href":"https:\/\/www.compredomundo.com.br\/loja2\/wp-json\/wp\/v2\/product_cat?post=779"},{"taxonomy":"product_tag","embeddable":true,"href":"https:\/\/www.compredomundo.com.br\/loja2\/wp-json\/wp\/v2\/product_tag?post=779"}],"curies":[{"name":"wp","href":"https:\/\/api.w.org\/{rel}","templated":true}]}}