{"id":748,"date":"2024-01-17T15:51:15","date_gmt":"2024-01-17T18:51:15","guid":{"rendered":"https:\/\/www.compredomundo.com.br\/loja2\/?post_type=product&#038;p=748"},"modified":"2024-01-17T16:41:16","modified_gmt":"2024-01-17T19:41:16","slug":"vic-mizzy-dont-make-waves-1967","status":"publish","type":"product","link":"https:\/\/www.compredomundo.com.br\/loja2\/produto\/vic-mizzy-dont-make-waves-1967\/","title":{"rendered":"Vic Mizzy &#8211; Dont Make Waves (1967)"},"content":{"rendered":"<p><strong>Lado A<\/strong><\/p>\n<p>1 &#8211; Don&#8217;t Make Waves &#8211; 2:02<br \/>\n2 &#8211; Daybreak At Malibu &#8211; 2:16<br \/>\n3 &#8211; Malibu &#8211; 1:41<br \/>\n4 &#8211; Confidence Man &#8211; 1:41<br \/>\n5 &#8211; Stradella &#8211; 2:24<br \/>\n6 &#8211; Zip, Zip &#8211; 2:53<br \/>\n7 &#8211; Vox Box &#8211; 2:28<\/p>\n<p>&nbsp;<\/p>\n<p><strong>Lado B<\/strong><\/p>\n<p>1 &#8211; Love Theme From &#8220;Don&#8217;t Make Waves&#8221; &#8211; 2:46<br \/>\n2 &#8211; Driverless &#8211; 1:57<br \/>\n3 &#8211; Madame Lavinia &#8211; 2:32<br \/>\n4 &#8211; Daybreak At Malibu &#8211; 1:35<br \/>\n5 &#8211; Malibu &#8211; 1:38<br \/>\n6 &#8211; The Girl On The Trampoline &#8211; 1:48<\/p>\n<p>&nbsp;<\/p>\n","protected":false},"excerpt":{"rendered":"<p>Vic Mizzy \u2013 Don&#8217;t Make Waves<br \/>\nSE-4483 ST<br \/>\nImportado dos USA<br \/>\nGravado pela Colgems em 1967<\/p>\n<p>LP em estado \u00d3timo, sem riscos<br \/>\nPara um Disco de 1967 a Capa est\u00e1 em condi\u00e7\u00e3o \u00f3tima<\/p>\n","protected":false},"featured_media":749,"comment_status":"open","ping_status":"closed","template":"","meta":{"jetpack_publicize_message":"","jetpack_publicize_feature_enabled":true,"jetpack_social_post_already_shared":false,"jetpack_social_options":{"image_generator_settings":{"template":"highway","enabled":false}}},"product_cat":[21,22],"product_tag":[334,239,27,335,333,332,28,336],"jetpack_publicize_connections":[],"jetpack_sharing_enabled":true,"jetpack_likes_enabled":true,"_links":{"self":[{"href":"https:\/\/www.compredomundo.com.br\/loja2\/wp-json\/wp\/v2\/product\/748"}],"collection":[{"href":"https:\/\/www.compredomundo.com.br\/loja2\/wp-json\/wp\/v2\/product"}],"about":[{"href":"https:\/\/www.compredomundo.com.br\/loja2\/wp-json\/wp\/v2\/types\/product"}],"replies":[{"embeddable":true,"href":"https:\/\/www.compredomundo.com.br\/loja2\/wp-json\/wp\/v2\/comments?post=748"}],"version-history":[{"count":0,"href":"https:\/\/www.compredomundo.com.br\/loja2\/wp-json\/wp\/v2\/product\/748\/revisions"}],"wp:featuredmedia":[{"embeddable":true,"href":"https:\/\/www.compredomundo.com.br\/loja2\/wp-json\/wp\/v2\/media\/749"}],"wp:attachment":[{"href":"https:\/\/www.compredomundo.com.br\/loja2\/wp-json\/wp\/v2\/media?parent=748"}],"wp:term":[{"taxonomy":"product_cat","embeddable":true,"href":"https:\/\/www.compredomundo.com.br\/loja2\/wp-json\/wp\/v2\/product_cat?post=748"},{"taxonomy":"product_tag","embeddable":true,"href":"https:\/\/www.compredomundo.com.br\/loja2\/wp-json\/wp\/v2\/product_tag?post=748"}],"curies":[{"name":"wp","href":"https:\/\/api.w.org\/{rel}","templated":true}]}}