{"id":741,"date":"2024-01-17T15:34:50","date_gmt":"2024-01-17T18:34:50","guid":{"rendered":"https:\/\/www.compredomundo.com.br\/loja2\/?post_type=product&#038;p=741"},"modified":"2024-01-17T16:16:23","modified_gmt":"2024-01-17T19:16:23","slug":"the-sons-of-the-pioneers-cool-water-1960","status":"publish","type":"product","link":"https:\/\/www.compredomundo.com.br\/loja2\/produto\/the-sons-of-the-pioneers-cool-water-1960\/","title":{"rendered":"The Sons of the Pioneers &#8211; Cool Water (1960)"},"content":{"rendered":"<p><strong>Lado A<\/strong><\/p>\n<p>1 &#8211; Cool Water &#8211; 2:08<br \/>\n2 &#8211; Whoopie-Ti-Yi-Yo &#8211; 2:03<br \/>\n3 &#8211; Wind &#8211; 2:34<br \/>\n4 &#8211; Cowboy&#8217;s Dream &#8211; 2:13<br \/>\n5 &#8211; The Last Round-Up &#8211; 2:49<br \/>\n6 &#8211; Ridin&#8217; Home &#8211; 1:59<br \/>\n7 &#8211; Twilight On The Trail &#8211; 2:28<br \/>\n8 &#8211; Red River Valley &#8211; 2:13<br \/>\n9 &#8211; Wagon Wheels &#8211; 2:15<\/p>\n<p>&nbsp;<\/p>\n<p><strong>Lado B<\/strong><\/p>\n<p>1 &#8211; Riders In The Sky &#8211; 2:20<br \/>\n2 &#8211; Blue Prairie &#8211; 2:49<br \/>\n3 &#8211; Way Out There &#8211; 1:42<br \/>\n4 &#8211; Empty Saddles &#8211; 1:52<br \/>\n5 &#8211; Teardrops In My Heart &#8211; 2:21<br \/>\n6 &#8211; Blue Shadows On The Trail &#8211; 2:13<br \/>\n7 &#8211; Ridin&#8217; Down The Canyon &#8211; 2:24<br \/>\n8 &#8211; Timber Trail &#8211; 2:13<br \/>\n9 &#8211; Tumbling Tumbleweeds &#8211; 2:25<\/p>\n<p>&nbsp;<\/p>\n","protected":false},"excerpt":{"rendered":"<p>The Sons Of The Pioneers \u2013 Cool Water<br \/>\nANL1-1092<br \/>\nImportado dos USA<br \/>\nGravado pela RCA em 1960<\/p>\n<p>LP em estado \u00d3timo, sem riscos<br \/>\nPara um Disco de 1960 a Capa est\u00e1 em condi\u00e7\u00e3o \u00f3tima<\/p>\n","protected":false},"featured_media":747,"comment_status":"open","ping_status":"closed","template":"","meta":{"jetpack_publicize_message":"","jetpack_publicize_feature_enabled":true,"jetpack_social_post_already_shared":false,"jetpack_social_options":{"image_generator_settings":{"template":"highway","enabled":false}}},"product_cat":[21,22],"product_tag":[330,239,27,329,328,28,331],"jetpack_publicize_connections":[],"jetpack_sharing_enabled":true,"jetpack_likes_enabled":true,"_links":{"self":[{"href":"https:\/\/www.compredomundo.com.br\/loja2\/wp-json\/wp\/v2\/product\/741"}],"collection":[{"href":"https:\/\/www.compredomundo.com.br\/loja2\/wp-json\/wp\/v2\/product"}],"about":[{"href":"https:\/\/www.compredomundo.com.br\/loja2\/wp-json\/wp\/v2\/types\/product"}],"replies":[{"embeddable":true,"href":"https:\/\/www.compredomundo.com.br\/loja2\/wp-json\/wp\/v2\/comments?post=741"}],"version-history":[{"count":0,"href":"https:\/\/www.compredomundo.com.br\/loja2\/wp-json\/wp\/v2\/product\/741\/revisions"}],"wp:featuredmedia":[{"embeddable":true,"href":"https:\/\/www.compredomundo.com.br\/loja2\/wp-json\/wp\/v2\/media\/747"}],"wp:attachment":[{"href":"https:\/\/www.compredomundo.com.br\/loja2\/wp-json\/wp\/v2\/media?parent=741"}],"wp:term":[{"taxonomy":"product_cat","embeddable":true,"href":"https:\/\/www.compredomundo.com.br\/loja2\/wp-json\/wp\/v2\/product_cat?post=741"},{"taxonomy":"product_tag","embeddable":true,"href":"https:\/\/www.compredomundo.com.br\/loja2\/wp-json\/wp\/v2\/product_tag?post=741"}],"curies":[{"name":"wp","href":"https:\/\/api.w.org\/{rel}","templated":true}]}}