{"id":736,"date":"2024-01-17T14:03:49","date_gmt":"2024-01-17T17:03:49","guid":{"rendered":"https:\/\/www.compredomundo.com.br\/loja2\/?post_type=product&#038;p=736"},"modified":"2024-01-17T15:24:02","modified_gmt":"2024-01-17T18:24:02","slug":"tom-jones-sings-shes-a-lady-1971","status":"publish","type":"product","link":"https:\/\/www.compredomundo.com.br\/loja2\/produto\/tom-jones-sings-shes-a-lady-1971\/","title":{"rendered":"Tom Jones &#8211; Sings Shes A Lady (1971)"},"content":{"rendered":"<p><strong>Lado A<\/strong><\/p>\n<p>1 &#8211; She&#8217;s A Lady &#8211; 2:55<br \/>\n2 &#8211; Do What You Gotta Do &#8211; 2:51<br \/>\n3 &#8211; In Dreams &#8211; 3:24<br \/>\n4 &#8211; Nothing Rhymed &#8211; 3:06<br \/>\n5 &#8211; Til I Can&#8217;t Take It Any More &#8211; 2:17<br \/>\n6 &#8211; Resurrection Shuffle &#8211; 2:56<\/p>\n<p>&nbsp;<\/p>\n<p><strong>Lado B<\/strong><\/p>\n<p>1 &#8211; Puppet Man &#8211; 3:27<br \/>\n2 &#8211; It&#8217;s Up To The Woman &#8211; 3:57<br \/>\n3 &#8211; Ebb Tide (The Sea) &#8211; 3:43<br \/>\n4 &#8211; One Night Only Love Maker &#8211; 3:21<br \/>\n5 &#8211; You&#8217;re My World (Il Mio Mondo) &#8211; 3:24<\/p>\n<p>&nbsp;<\/p>\n","protected":false},"excerpt":{"rendered":"<p>Tom Jones \u2013 Tom Jones Sings She&#8217;s A Lady<br \/>\nXPAS 71046<br \/>\nImportado dos USA<br \/>\nGravado pela Parrot em 1971<\/p>\n<p>LP em estado \u00d3timo, sem riscos<br \/>\nPara um Disco de 1971 a Capa est\u00e1 em condi\u00e7\u00e3o boa<\/p>\n","protected":false},"featured_media":739,"comment_status":"open","ping_status":"closed","template":"","meta":{"jetpack_publicize_message":"","jetpack_publicize_feature_enabled":true,"jetpack_social_post_already_shared":false,"jetpack_social_options":{"image_generator_settings":{"template":"highway","enabled":false}}},"product_cat":[21,22],"product_tag":[326,239,322,327,27,259,321,28],"jetpack_publicize_connections":[],"jetpack_sharing_enabled":true,"jetpack_likes_enabled":true,"_links":{"self":[{"href":"https:\/\/www.compredomundo.com.br\/loja2\/wp-json\/wp\/v2\/product\/736"}],"collection":[{"href":"https:\/\/www.compredomundo.com.br\/loja2\/wp-json\/wp\/v2\/product"}],"about":[{"href":"https:\/\/www.compredomundo.com.br\/loja2\/wp-json\/wp\/v2\/types\/product"}],"replies":[{"embeddable":true,"href":"https:\/\/www.compredomundo.com.br\/loja2\/wp-json\/wp\/v2\/comments?post=736"}],"version-history":[{"count":0,"href":"https:\/\/www.compredomundo.com.br\/loja2\/wp-json\/wp\/v2\/product\/736\/revisions"}],"wp:featuredmedia":[{"embeddable":true,"href":"https:\/\/www.compredomundo.com.br\/loja2\/wp-json\/wp\/v2\/media\/739"}],"wp:attachment":[{"href":"https:\/\/www.compredomundo.com.br\/loja2\/wp-json\/wp\/v2\/media?parent=736"}],"wp:term":[{"taxonomy":"product_cat","embeddable":true,"href":"https:\/\/www.compredomundo.com.br\/loja2\/wp-json\/wp\/v2\/product_cat?post=736"},{"taxonomy":"product_tag","embeddable":true,"href":"https:\/\/www.compredomundo.com.br\/loja2\/wp-json\/wp\/v2\/product_tag?post=736"}],"curies":[{"name":"wp","href":"https:\/\/api.w.org\/{rel}","templated":true}]}}