{"id":729,"date":"2024-01-17T13:54:52","date_gmt":"2024-01-17T16:54:52","guid":{"rendered":"https:\/\/www.compredomundo.com.br\/loja2\/?post_type=product&#038;p=729"},"modified":"2024-01-17T13:54:52","modified_gmt":"2024-01-17T16:54:52","slug":"tom-jones-i-who-have-nothing-1970","status":"publish","type":"product","link":"https:\/\/www.compredomundo.com.br\/loja2\/produto\/tom-jones-i-who-have-nothing-1970\/","title":{"rendered":"Tom Jones &#8211; I Who Have Nothing (1970)"},"content":{"rendered":"<p><strong>Lado A<\/strong><\/p>\n<p>1 &#8211; Daughter Of Darkness &#8211; 3:18<br \/>\n2 &#8211; I Have Dreamed &#8211; 3:00<br \/>\n3 &#8211; Love&#8217;s Been Good To Me &#8211; 4:09<br \/>\n4 &#8211; Lodi &#8211; 2:59<br \/>\n5 &#8211; Try A Little Tenderness &#8211; 4:22<\/p>\n<p>&nbsp;<\/p>\n<p><strong>Lado B<\/strong><\/p>\n<p>1 &#8211; I (Who Have Nothing) &#8211; 2:57<br \/>\n2 &#8211; What The World Needs Now &#8211; 2:36<br \/>\n3 &#8211; Can&#8217;t Stop Loving You &#8211; 4:08<br \/>\n4 &#8211; To Love Somebody &#8211; 3:24<br \/>\n5vBrother Can You Spare A Dime &#8211; 2:57<br \/>\n6 &#8211; See-Saw &#8211; 2:54<\/p>\n","protected":false},"excerpt":{"rendered":"<p>Tom Jones \u2013 I Who Have Nothing<br \/>\nXPAS 71039<br \/>\nImportado dos USA<br \/>\nGravado pela Parrot em 1970<\/p>\n<p>LP em estado \u00d3timo, com poucos riscos leves<br \/>\nPara um Disco de 1970 a Capa est\u00e1 em condi\u00e7\u00e3o boa<\/p>\n","protected":false},"featured_media":730,"comment_status":"open","ping_status":"closed","template":"","meta":{"jetpack_publicize_message":"","jetpack_publicize_feature_enabled":true,"jetpack_social_post_already_shared":false,"jetpack_social_options":{"image_generator_settings":{"template":"highway","enabled":false}}},"product_cat":[21,22],"product_tag":[324,239,322,27,325,321,28,323],"jetpack_publicize_connections":[],"jetpack_sharing_enabled":true,"jetpack_likes_enabled":true,"_links":{"self":[{"href":"https:\/\/www.compredomundo.com.br\/loja2\/wp-json\/wp\/v2\/product\/729"}],"collection":[{"href":"https:\/\/www.compredomundo.com.br\/loja2\/wp-json\/wp\/v2\/product"}],"about":[{"href":"https:\/\/www.compredomundo.com.br\/loja2\/wp-json\/wp\/v2\/types\/product"}],"replies":[{"embeddable":true,"href":"https:\/\/www.compredomundo.com.br\/loja2\/wp-json\/wp\/v2\/comments?post=729"}],"version-history":[{"count":0,"href":"https:\/\/www.compredomundo.com.br\/loja2\/wp-json\/wp\/v2\/product\/729\/revisions"}],"wp:featuredmedia":[{"embeddable":true,"href":"https:\/\/www.compredomundo.com.br\/loja2\/wp-json\/wp\/v2\/media\/730"}],"wp:attachment":[{"href":"https:\/\/www.compredomundo.com.br\/loja2\/wp-json\/wp\/v2\/media?parent=729"}],"wp:term":[{"taxonomy":"product_cat","embeddable":true,"href":"https:\/\/www.compredomundo.com.br\/loja2\/wp-json\/wp\/v2\/product_cat?post=729"},{"taxonomy":"product_tag","embeddable":true,"href":"https:\/\/www.compredomundo.com.br\/loja2\/wp-json\/wp\/v2\/product_tag?post=729"}],"curies":[{"name":"wp","href":"https:\/\/api.w.org\/{rel}","templated":true}]}}