{"id":501,"date":"2024-01-02T21:31:29","date_gmt":"2024-01-03T00:31:29","guid":{"rendered":"https:\/\/www.compredomundo.com.br\/loja2\/?post_type=product&#038;p=501"},"modified":"2024-01-02T21:31:29","modified_gmt":"2024-01-03T00:31:29","slug":"top-spin-3","status":"publish","type":"product","link":"https:\/\/www.compredomundo.com.br\/loja2\/produto\/top-spin-3\/","title":{"rendered":"Top Spin 3"},"content":{"rendered":"<p>Top Spin 3 \u00e9 o terceiro game da franquia Top Spin, o jogo conta com efeitos clim\u00e1ticos reais, mais op\u00e7\u00f5es de personagens para selecionar, cria\u00e7\u00e3o de personagens, diferentes mec\u00e2nicas de jogo, o game vem mais otimizado que seus antecessores em rela\u00e7\u00e3o ao seu \u00e1udio e visual.<\/p>\n<p>Sua vers\u00e3o de Wii tem 20 tenistas profissionais todos jog\u00e1veis, com movimentos bem realistas, elaborados e precisos.<\/p>\n<p>Por\u00e9m sua vers\u00e3o de Will n\u00e3o cont\u00e9m jogos de festa multiplayer, tamb\u00e9m n\u00e3o possui o modo carreira, mas a divers\u00e3o \u00e9 a mesma, venha disputar com ou contra com os maiores astros do t\u00eanis.<\/p>\n","protected":false},"excerpt":{"rendered":"<p>Top Spin 3 (Original)<br \/>\nImportado dos EUA<br \/>\nFabricado pela 2K Sports<\/p>\n","protected":false},"featured_media":502,"comment_status":"open","ping_status":"closed","template":"","meta":{"jetpack_publicize_message":"","jetpack_publicize_feature_enabled":true,"jetpack_social_post_already_shared":false,"jetpack_social_options":{"image_generator_settings":{"template":"highway","enabled":false}}},"product_cat":[15,31,33],"product_tag":[65,213,109,212,66],"jetpack_publicize_connections":[],"jetpack_sharing_enabled":true,"jetpack_likes_enabled":true,"_links":{"self":[{"href":"https:\/\/www.compredomundo.com.br\/loja2\/wp-json\/wp\/v2\/product\/501"}],"collection":[{"href":"https:\/\/www.compredomundo.com.br\/loja2\/wp-json\/wp\/v2\/product"}],"about":[{"href":"https:\/\/www.compredomundo.com.br\/loja2\/wp-json\/wp\/v2\/types\/product"}],"replies":[{"embeddable":true,"href":"https:\/\/www.compredomundo.com.br\/loja2\/wp-json\/wp\/v2\/comments?post=501"}],"version-history":[{"count":0,"href":"https:\/\/www.compredomundo.com.br\/loja2\/wp-json\/wp\/v2\/product\/501\/revisions"}],"wp:featuredmedia":[{"embeddable":true,"href":"https:\/\/www.compredomundo.com.br\/loja2\/wp-json\/wp\/v2\/media\/502"}],"wp:attachment":[{"href":"https:\/\/www.compredomundo.com.br\/loja2\/wp-json\/wp\/v2\/media?parent=501"}],"wp:term":[{"taxonomy":"product_cat","embeddable":true,"href":"https:\/\/www.compredomundo.com.br\/loja2\/wp-json\/wp\/v2\/product_cat?post=501"},{"taxonomy":"product_tag","embeddable":true,"href":"https:\/\/www.compredomundo.com.br\/loja2\/wp-json\/wp\/v2\/product_tag?post=501"}],"curies":[{"name":"wp","href":"https:\/\/api.w.org\/{rel}","templated":true}]}}