{"id":410,"date":"2023-12-31T00:07:53","date_gmt":"2023-12-31T03:07:53","guid":{"rendered":"https:\/\/www.compredomundo.com.br\/loja2\/?post_type=product&#038;p=410"},"modified":"2024-03-03T01:12:54","modified_gmt":"2024-03-03T04:12:54","slug":"just-dance-kids","status":"publish","type":"product","link":"https:\/\/www.compredomundo.com.br\/loja2\/produto\/just-dance-kids\/","title":{"rendered":"Just Dance Kids"},"content":{"rendered":"<p>Just Dance Kids \u00e9 um jogo de m\u00fasica e dan\u00e7a para o Nintendo Wii, desenvolvido pela Land Ho! e parte da franquia Just Dance da Ubisoft.<\/p>\n<p>O jogo tem \u00eanfase em m\u00fasicas que s\u00e3o populares com crian\u00e7as, e inclui mais de 40 can\u00e7\u00f5es de diferentes estilos e g\u00eaneros.<\/p>\n<p>Algumas das m\u00fasicas s\u00e3o de programas de TV infantis, como The Wiggles e Yo Gabba Gabba, e outras s\u00e3o covers de sucessos atuais, como \u201cBurnin\u2019 Up\u201d, \u201cMmmbop\u201d e \u201cI Am A Gummy Bear (The Gummy Bear Song)\u201d.<\/p>\n<p>O jogo tamb\u00e9m tem m\u00fasicas de filmes famosos, como \u201cAccidentally In Love\u201d, \u201cSomething That I Want\u201d e \u201cThe Lion Sleeps Tonight\u201d.<\/p>\n<p>Pode ser jogado em at\u00e9 quatro jogadores dan\u00e7ando cooperativamente, competindo ou desafiando outros pela pontua\u00e7\u00e3o mais alta.<\/p>\n<p>Tamb\u00e9m tem um modo de festa sem parar, onde os pais podem selecionar o tempo, o modo e os tipos de m\u00fasicas que as crian\u00e7as dan\u00e7am.<\/p>\n<p>Tem letras na tela para que as crian\u00e7as possam aprender as palavras e cantar junto enquanto dan\u00e7am.<\/p>\n<p>Cont\u00e9m m\u00fasicas em ingl\u00eas, espanhol, franc\u00eas e alem\u00e3o.<\/p>\n<p>&nbsp;<\/p>\n<div class=\"jetpack-video-wrapper\"><iframe title=\"Just Dance Kids - Wii\" width=\"820\" height=\"461\" src=\"https:\/\/www.youtube.com\/embed\/ckGLz5XT7SA?feature=oembed\" frameborder=\"0\" allow=\"accelerometer; autoplay; clipboard-write; encrypted-media; gyroscope; picture-in-picture; web-share\" allowfullscreen><\/iframe><\/div>\n","protected":false},"excerpt":{"rendered":"<p>Just Dance Kids (Original)<br \/>\nImportado dos EUA<br \/>\nFabricado pela Ubisoft<\/p>\n","protected":false},"featured_media":411,"comment_status":"open","ping_status":"closed","template":"","meta":{"jetpack_publicize_message":"","jetpack_publicize_feature_enabled":true,"jetpack_social_post_already_shared":false,"jetpack_social_options":{"image_generator_settings":{"template":"highway","enabled":false}}},"product_cat":[15,31,33],"product_tag":[98,144,145,65,66],"jetpack_publicize_connections":[],"jetpack_sharing_enabled":true,"jetpack_likes_enabled":true,"_links":{"self":[{"href":"https:\/\/www.compredomundo.com.br\/loja2\/wp-json\/wp\/v2\/product\/410"}],"collection":[{"href":"https:\/\/www.compredomundo.com.br\/loja2\/wp-json\/wp\/v2\/product"}],"about":[{"href":"https:\/\/www.compredomundo.com.br\/loja2\/wp-json\/wp\/v2\/types\/product"}],"replies":[{"embeddable":true,"href":"https:\/\/www.compredomundo.com.br\/loja2\/wp-json\/wp\/v2\/comments?post=410"}],"version-history":[{"count":3,"href":"https:\/\/www.compredomundo.com.br\/loja2\/wp-json\/wp\/v2\/product\/410\/revisions"}],"predecessor-version":[{"id":1403,"href":"https:\/\/www.compredomundo.com.br\/loja2\/wp-json\/wp\/v2\/product\/410\/revisions\/1403"}],"wp:featuredmedia":[{"embeddable":true,"href":"https:\/\/www.compredomundo.com.br\/loja2\/wp-json\/wp\/v2\/media\/411"}],"wp:attachment":[{"href":"https:\/\/www.compredomundo.com.br\/loja2\/wp-json\/wp\/v2\/media?parent=410"}],"wp:term":[{"taxonomy":"product_cat","embeddable":true,"href":"https:\/\/www.compredomundo.com.br\/loja2\/wp-json\/wp\/v2\/product_cat?post=410"},{"taxonomy":"product_tag","embeddable":true,"href":"https:\/\/www.compredomundo.com.br\/loja2\/wp-json\/wp\/v2\/product_tag?post=410"}],"curies":[{"name":"wp","href":"https:\/\/api.w.org\/{rel}","templated":true}]}}