{"id":340,"date":"2023-12-28T15:30:52","date_gmt":"2023-12-28T18:30:52","guid":{"rendered":"https:\/\/www.compredomundo.com.br\/loja2\/?post_type=product&#038;p=340"},"modified":"2024-03-01T13:13:03","modified_gmt":"2024-03-01T16:13:03","slug":"family-feud-2010","status":"publish","type":"product","link":"https:\/\/www.compredomundo.com.br\/loja2\/produto\/family-feud-2010\/","title":{"rendered":"Family Feud 2010"},"content":{"rendered":"<p>Semelhante ao popular &#8220;Show do Milh\u00e3o&#8221; esta vers\u00e3o Estadunidense, faz sua estreia no Wii com esta edi\u00e7\u00e3o de 2010 do Family Feud.<\/p>\n<p>Nele duas fam\u00edlias de cinco membros se unem e competem entre si para responder a uma das 1.000 perguntas.<\/p>\n<p>Para inserir suas respostas, mova o cursor sobre uma grade de letras ou n\u00fameros dentro de um limite de tempo; A verifica\u00e7\u00e3o ortogr\u00e1fica integrada, a previs\u00e3o de texto e os agrupamentos por conceito ajudam voc\u00ea a inserir suas respostas com mais rapidez.<\/p>\n<p>Adivinhe uma das principais respostas de uma pesquisa com 100 pessoas e voc\u00ea poder\u00e1 continuar ou repassar o assunto.<\/p>\n<p>Mas cuidado: se voc\u00ea decidir continuar e n\u00e3o conseguir vencer a categoria, a fam\u00edlia rival pode roubar seu jackpot adivinhando uma das respostas restantes.<\/p>\n<p>Ap\u00f3s tr\u00eas rodadas, a fam\u00edlia vencedora avan\u00e7a para a \u201cRodada de Dinheiro R\u00e1pido\u201d, onde dois membros tentam responder cinco perguntas antes que o tempo acabe.<\/p>\n<p>Aproveite este jogo de ritmo acelerado como um \u00fanico jogador ou com um grupo por horas de &#8220;tretas&#8221; familiares bem-humoradas e divertidas.<\/p>\n<p>&nbsp;<\/p>\n<div class=\"jetpack-video-wrapper\"><iframe title=\"Family Feud 2010 Edition - Wii\" width=\"820\" height=\"615\" src=\"https:\/\/www.youtube.com\/embed\/_nX5Oy_I9u8?feature=oembed\" frameborder=\"0\" allow=\"accelerometer; autoplay; clipboard-write; encrypted-media; gyroscope; picture-in-picture; web-share\" allowfullscreen><\/iframe><\/div>\n","protected":false},"excerpt":{"rendered":"<p>JOGO RARO<br \/>\nFamily Feud 2010 (Original)<br \/>\nImportado dos EUA<br \/>\nFabricado pela Ubisoft<\/p>\n","protected":false},"featured_media":341,"comment_status":"open","ping_status":"closed","template":"","meta":{"jetpack_publicize_message":"","jetpack_publicize_feature_enabled":true,"jetpack_social_post_already_shared":false,"jetpack_social_options":{"image_generator_settings":{"template":"highway","enabled":false}}},"product_cat":[15,31,33],"product_tag":[122,120,121,124,65,123,66],"jetpack_publicize_connections":[],"jetpack_sharing_enabled":true,"jetpack_likes_enabled":true,"_links":{"self":[{"href":"https:\/\/www.compredomundo.com.br\/loja2\/wp-json\/wp\/v2\/product\/340"}],"collection":[{"href":"https:\/\/www.compredomundo.com.br\/loja2\/wp-json\/wp\/v2\/product"}],"about":[{"href":"https:\/\/www.compredomundo.com.br\/loja2\/wp-json\/wp\/v2\/types\/product"}],"replies":[{"embeddable":true,"href":"https:\/\/www.compredomundo.com.br\/loja2\/wp-json\/wp\/v2\/comments?post=340"}],"version-history":[{"count":2,"href":"https:\/\/www.compredomundo.com.br\/loja2\/wp-json\/wp\/v2\/product\/340\/revisions"}],"predecessor-version":[{"id":1383,"href":"https:\/\/www.compredomundo.com.br\/loja2\/wp-json\/wp\/v2\/product\/340\/revisions\/1383"}],"wp:featuredmedia":[{"embeddable":true,"href":"https:\/\/www.compredomundo.com.br\/loja2\/wp-json\/wp\/v2\/media\/341"}],"wp:attachment":[{"href":"https:\/\/www.compredomundo.com.br\/loja2\/wp-json\/wp\/v2\/media?parent=340"}],"wp:term":[{"taxonomy":"product_cat","embeddable":true,"href":"https:\/\/www.compredomundo.com.br\/loja2\/wp-json\/wp\/v2\/product_cat?post=340"},{"taxonomy":"product_tag","embeddable":true,"href":"https:\/\/www.compredomundo.com.br\/loja2\/wp-json\/wp\/v2\/product_tag?post=340"}],"curies":[{"name":"wp","href":"https:\/\/api.w.org\/{rel}","templated":true}]}}