{"id":327,"date":"2023-12-26T22:16:28","date_gmt":"2023-12-27T01:16:28","guid":{"rendered":"https:\/\/www.compredomundo.com.br\/loja2\/?post_type=product&#038;p=327"},"modified":"2024-03-01T12:14:44","modified_gmt":"2024-03-01T15:14:44","slug":"disney-princess-enchanted-journey","status":"publish","type":"product","link":"https:\/\/www.compredomundo.com.br\/loja2\/produto\/disney-princess-enchanted-journey\/","title":{"rendered":"Disney Princess Enchanted Journey"},"content":{"rendered":"<p>Entre nos universos Disney Princess dos filmes cl\u00e1ssicos de anima\u00e7\u00e3o Cinderela, A Pequena Sereia, Branca de Neve e Aladdin em Disney Princess: Enchanted Journey.\u00a0Do Disney Interactive Studios, Disney Princess: Enchanted Journey oferece \u00e0s meninas a chance de conhecer e interagir com as amadas princesas da Disney, incentivando a criatividade, a explora\u00e7\u00e3o e mensagens positivas.<\/p>\n<p>Personalize seu pr\u00f3prio personagem e participe de uma aventura divertida em quatro n\u00edveis exclusivos para ajudar as Princesas a restaurar a ordem em seus reinos encantados e superar o mal.<\/p>\n<p>Cada Princesa Disney tem uma hist\u00f3ria \u00fanica e um mundo m\u00e1gico para explorar enquanto voc\u00ea descobre as virtudes de ser uma verdadeira princesa: Amor, Amizade, Confian\u00e7a, Coragem e Perd\u00e3o!<\/p>\n<p>&nbsp;<\/p>\n<div class=\"jetpack-video-wrapper\"><iframe title=\"Disney Princess Enchanted Journey\" width=\"820\" height=\"461\" src=\"https:\/\/www.youtube.com\/embed\/Qw7-vSvi5Bg?feature=oembed\" frameborder=\"0\" allow=\"accelerometer; autoplay; clipboard-write; encrypted-media; gyroscope; picture-in-picture; web-share\" allowfullscreen><\/iframe><\/div>\n","protected":false},"excerpt":{"rendered":"<p>Disney Princess Enchanted Journeya (Original)<br \/>\nImportado dos EUA<br \/>\nFabricado pela Disney<\/p>\n","protected":false},"featured_media":328,"comment_status":"open","ping_status":"closed","template":"","meta":{"jetpack_publicize_message":"","jetpack_publicize_feature_enabled":true,"jetpack_social_post_already_shared":false,"jetpack_social_options":{"image_generator_settings":{"template":"highway","enabled":false}}},"product_cat":[15,31,33],"product_tag":[114,117,118,65,116,115,66],"jetpack_publicize_connections":[],"jetpack_sharing_enabled":true,"jetpack_likes_enabled":true,"_links":{"self":[{"href":"https:\/\/www.compredomundo.com.br\/loja2\/wp-json\/wp\/v2\/product\/327"}],"collection":[{"href":"https:\/\/www.compredomundo.com.br\/loja2\/wp-json\/wp\/v2\/product"}],"about":[{"href":"https:\/\/www.compredomundo.com.br\/loja2\/wp-json\/wp\/v2\/types\/product"}],"replies":[{"embeddable":true,"href":"https:\/\/www.compredomundo.com.br\/loja2\/wp-json\/wp\/v2\/comments?post=327"}],"version-history":[{"count":2,"href":"https:\/\/www.compredomundo.com.br\/loja2\/wp-json\/wp\/v2\/product\/327\/revisions"}],"predecessor-version":[{"id":1378,"href":"https:\/\/www.compredomundo.com.br\/loja2\/wp-json\/wp\/v2\/product\/327\/revisions\/1378"}],"wp:featuredmedia":[{"embeddable":true,"href":"https:\/\/www.compredomundo.com.br\/loja2\/wp-json\/wp\/v2\/media\/328"}],"wp:attachment":[{"href":"https:\/\/www.compredomundo.com.br\/loja2\/wp-json\/wp\/v2\/media?parent=327"}],"wp:term":[{"taxonomy":"product_cat","embeddable":true,"href":"https:\/\/www.compredomundo.com.br\/loja2\/wp-json\/wp\/v2\/product_cat?post=327"},{"taxonomy":"product_tag","embeddable":true,"href":"https:\/\/www.compredomundo.com.br\/loja2\/wp-json\/wp\/v2\/product_tag?post=327"}],"curies":[{"name":"wp","href":"https:\/\/api.w.org\/{rel}","templated":true}]}}