{"id":309,"date":"2023-12-26T20:47:58","date_gmt":"2023-12-26T23:47:58","guid":{"rendered":"https:\/\/www.compredomundo.com.br\/loja2\/?post_type=product&#038;p=309"},"modified":"2024-02-25T19:46:06","modified_gmt":"2024-02-25T22:46:06","slug":"dance-dance-revolution-hottest-party-3","status":"publish","type":"product","link":"https:\/\/www.compredomundo.com.br\/loja2\/produto\/dance-dance-revolution-hottest-party-3\/","title":{"rendered":"Dance Dance Revolution &#8211; Hottest Party 3"},"content":{"rendered":"<p>Dance Dance Revolution: Hottest Party 3&#8243; \u00e9 um jogo de ritmo desenvolvido pela Konami para o Nintendo Wii. Lan\u00e7ado em 2009, \u00e9 parte da popular s\u00e9rie &#8220;Dance Dance Revolution&#8221; conhecida por seu estilo de jogo que envolve os jogadores dan\u00e7ando em um tapete de dan\u00e7a.<\/p>\n<p>Aqui est\u00e3o algumas caracter\u00edsticas e aspectos do jogo:<\/p>\n<ol>\n<li><strong>Jogabilidade:<\/strong> Assim como outros jogos da s\u00e9rie DDR, os jogadores usam um tapete de dan\u00e7a para seguir as setas na tela conforme elas se movem em dire\u00e7\u00f5es espec\u00edficas. A precis\u00e3o dos movimentos e a sincroniza\u00e7\u00e3o com a m\u00fasica determinam a pontua\u00e7\u00e3o do jogador.<\/li>\n<li><strong>Trilhas Sonoras:<\/strong> O jogo apresenta uma variedade de m\u00fasicas de diferentes g\u00eaneros e estilos. As m\u00fasicas s\u00e3o frequentemente energeticamente selecionadas para incentivar a movimenta\u00e7\u00e3o e a divers\u00e3o durante a jogabilidade.<\/li>\n<li><strong>Modos de Jogo:<\/strong> &#8220;Hottest Party 3&#8221; inclui v\u00e1rios modos de jogo, como o modo de festa, onde os jogadores podem competir entre si, e modos de treino para aprimorar suas habilidades de dan\u00e7a.<\/li>\n<li><strong>Suporte para Dan\u00e7a em Grupo:<\/strong> Uma caracter\u00edstica distintiva do &#8220;Hottest Party&#8221; \u00e9 a \u00eanfase em dan\u00e7a em grupo. O jogo suporta at\u00e9 quatro jogadores simultaneamente, incentivando a divers\u00e3o social e a competi\u00e7\u00e3o entre amigos e familiares.<\/li>\n<li><strong>Customiza\u00e7\u00e3o de Personagens:<\/strong> Os jogadores podem personalizar seus personagens, escolhendo trajes, acess\u00f3rios e outras op\u00e7\u00f5es de personaliza\u00e7\u00e3o para dar uma apar\u00eancia \u00fanica aos dan\u00e7arinos virtuais.<\/li>\n<li><strong>Modo de Treino:<\/strong> Para ajudar os jogadores a melhorarem suas habilidades, o jogo oferece modos de treino que permitem praticar movimentos espec\u00edficos e aperfei\u00e7oar a t\u00e9cnica.<\/li>\n<li><strong>Gr\u00e1ficos e Ambiente:<\/strong> &#8220;Hottest Party 3&#8221; apresenta gr\u00e1ficos coloridos e vibrantes, criando um ambiente animado para a experi\u00eancia de dan\u00e7a.<\/li>\n<\/ol>\n<p>&nbsp;<\/p>\n<div class=\"jetpack-video-wrapper\"><iframe title=\"Dance Dance Revolution - Hottest Party 3 - Wii\" width=\"820\" height=\"461\" src=\"https:\/\/www.youtube.com\/embed\/pon9ORn4HyY?feature=oembed\" frameborder=\"0\" allow=\"accelerometer; autoplay; clipboard-write; encrypted-media; gyroscope; picture-in-picture; web-share\" allowfullscreen><\/iframe><\/div>\n","protected":false},"excerpt":{"rendered":"<p>Dance Dance Revolution &#8211; Hottest Party 3 (Original)<br \/>\nImportado dos EUA<br \/>\nFabricado pela Konami<\/p>\n","protected":false},"featured_media":310,"comment_status":"open","ping_status":"closed","template":"","meta":{"jetpack_publicize_message":"","jetpack_publicize_feature_enabled":true,"jetpack_social_post_already_shared":false,"jetpack_social_options":{"image_generator_settings":{"template":"highway","enabled":false}}},"product_cat":[15,31,33],"product_tag":[103,98,101,65,102,99,66],"jetpack_publicize_connections":[],"jetpack_sharing_enabled":true,"jetpack_likes_enabled":true,"_links":{"self":[{"href":"https:\/\/www.compredomundo.com.br\/loja2\/wp-json\/wp\/v2\/product\/309"}],"collection":[{"href":"https:\/\/www.compredomundo.com.br\/loja2\/wp-json\/wp\/v2\/product"}],"about":[{"href":"https:\/\/www.compredomundo.com.br\/loja2\/wp-json\/wp\/v2\/types\/product"}],"replies":[{"embeddable":true,"href":"https:\/\/www.compredomundo.com.br\/loja2\/wp-json\/wp\/v2\/comments?post=309"}],"version-history":[{"count":2,"href":"https:\/\/www.compredomundo.com.br\/loja2\/wp-json\/wp\/v2\/product\/309\/revisions"}],"predecessor-version":[{"id":1368,"href":"https:\/\/www.compredomundo.com.br\/loja2\/wp-json\/wp\/v2\/product\/309\/revisions\/1368"}],"wp:featuredmedia":[{"embeddable":true,"href":"https:\/\/www.compredomundo.com.br\/loja2\/wp-json\/wp\/v2\/media\/310"}],"wp:attachment":[{"href":"https:\/\/www.compredomundo.com.br\/loja2\/wp-json\/wp\/v2\/media?parent=309"}],"wp:term":[{"taxonomy":"product_cat","embeddable":true,"href":"https:\/\/www.compredomundo.com.br\/loja2\/wp-json\/wp\/v2\/product_cat?post=309"},{"taxonomy":"product_tag","embeddable":true,"href":"https:\/\/www.compredomundo.com.br\/loja2\/wp-json\/wp\/v2\/product_tag?post=309"}],"curies":[{"name":"wp","href":"https:\/\/api.w.org\/{rel}","templated":true}]}}