{"id":305,"date":"2023-12-26T20:27:24","date_gmt":"2023-12-26T23:27:24","guid":{"rendered":"https:\/\/www.compredomundo.com.br\/loja2\/?post_type=product&#038;p=305"},"modified":"2024-02-25T19:07:35","modified_gmt":"2024-02-25T22:07:35","slug":"dance-dance-revolution-hottest-party","status":"publish","type":"product","link":"https:\/\/www.compredomundo.com.br\/loja2\/produto\/dance-dance-revolution-hottest-party\/","title":{"rendered":"Dance Dance Revolution &#8211; Hottest Party"},"content":{"rendered":"<p style=\"text-align: left;\">Dance Dance Revolution Hottest Party para o Wii traz o ic\u00f4nico jogo de ritmo para o console moderno, oferecendo uma mistura \u00fanica de jogabilidade tradicional do DDR com o uso inovador do Wii Remote. Ao incorporar movimentos do controle, passos de dan\u00e7a e at\u00e9 mesmo o acess\u00f3rio Nunchuk, os jogadores t\u00eam a tarefa de combinar seus movimentos com as orienta\u00e7\u00f5es na tela, criando uma experi\u00eancia imersiva e envolvente.<\/p>\n<p style=\"text-align: left;\">A capacidade multiplayer do jogo adiciona uma reviravolta empolgante, permitindo que at\u00e9 quatro jogadores participem da a\u00e7\u00e3o. Com diferentes modos de jogo e mini-jogos, o Hottest Party oferece uma variedade de op\u00e7\u00f5es para manter os jogadores entretidos. Seja competindo em uma batalha de dan\u00e7a ou tentando aperfei\u00e7oar seus movimentos no modo de treino, h\u00e1 algo para todos.<\/p>\n<p style=\"text-align: left;\">Uma das caracter\u00edsticas marcantes do DDR Hottest Party \u00e9 o seu modo de suporte renovado. Este modo incentiva os jogadores a dan\u00e7arem em sincronia uns com os outros, promovendo um senso de camaradagem e trabalho em equipe. \u00c9 uma adi\u00e7\u00e3o refrescante que adiciona profundidade \u00e0 jogabilidade e incentiva os jogadores a colaborarem para a melhor performance poss\u00edvel.<\/p>\n<p style=\"text-align: left;\">Embora a trilha sonora do DDR Hottest Party esteja repleta de m\u00fasicas das \u00faltimas quatro d\u00e9cadas.\u00a0 O charme nost\u00e1lgico das m\u00fasicas ic\u00f4nicas do jogo original \u00e9 um \u00fanico.<\/p>\n<p style=\"text-align: left;\">No geral, Dance Dance Revolution Hottest Party para o Wii traz um novo n\u00edvel de intera\u00e7\u00e3o e inova\u00e7\u00e3o para o adorado g\u00eanero de jogos de ritmo. Sua fus\u00e3o da jogabilidade tradicional do DDR com as habilidades \u00fanicas do Wii Remote o diferencia de seus predecessores.<\/p>\n<p style=\"text-align: left;\">\n<div class=\"jetpack-video-wrapper\"><iframe title=\"Dance Dance Revolution Hottest Party - Wii\" width=\"820\" height=\"461\" src=\"https:\/\/www.youtube.com\/embed\/HMeEteENfJ4?feature=oembed\" frameborder=\"0\" allow=\"accelerometer; autoplay; clipboard-write; encrypted-media; gyroscope; picture-in-picture; web-share\" allowfullscreen><\/iframe><\/div>\n","protected":false},"excerpt":{"rendered":"<p>Dance Dance Revolution &#8211; Hottest Party (Original)<br \/>\nImportado dos EUA<br \/>\nFabricado pela Konami<\/p>\n","protected":false},"featured_media":306,"comment_status":"open","ping_status":"closed","template":"","meta":{"jetpack_publicize_message":"","jetpack_publicize_feature_enabled":true,"jetpack_social_post_already_shared":false,"jetpack_social_options":{"image_generator_settings":{"template":"highway","enabled":false}}},"product_cat":[15,31,33],"product_tag":[98,100,101,65,102,99,66],"jetpack_publicize_connections":[],"jetpack_sharing_enabled":true,"jetpack_likes_enabled":true,"_links":{"self":[{"href":"https:\/\/www.compredomundo.com.br\/loja2\/wp-json\/wp\/v2\/product\/305"}],"collection":[{"href":"https:\/\/www.compredomundo.com.br\/loja2\/wp-json\/wp\/v2\/product"}],"about":[{"href":"https:\/\/www.compredomundo.com.br\/loja2\/wp-json\/wp\/v2\/types\/product"}],"replies":[{"embeddable":true,"href":"https:\/\/www.compredomundo.com.br\/loja2\/wp-json\/wp\/v2\/comments?post=305"}],"version-history":[{"count":2,"href":"https:\/\/www.compredomundo.com.br\/loja2\/wp-json\/wp\/v2\/product\/305\/revisions"}],"predecessor-version":[{"id":1364,"href":"https:\/\/www.compredomundo.com.br\/loja2\/wp-json\/wp\/v2\/product\/305\/revisions\/1364"}],"wp:featuredmedia":[{"embeddable":true,"href":"https:\/\/www.compredomundo.com.br\/loja2\/wp-json\/wp\/v2\/media\/306"}],"wp:attachment":[{"href":"https:\/\/www.compredomundo.com.br\/loja2\/wp-json\/wp\/v2\/media?parent=305"}],"wp:term":[{"taxonomy":"product_cat","embeddable":true,"href":"https:\/\/www.compredomundo.com.br\/loja2\/wp-json\/wp\/v2\/product_cat?post=305"},{"taxonomy":"product_tag","embeddable":true,"href":"https:\/\/www.compredomundo.com.br\/loja2\/wp-json\/wp\/v2\/product_tag?post=305"}],"curies":[{"name":"wp","href":"https:\/\/api.w.org\/{rel}","templated":true}]}}